{"id":2676,"date":"2020-07-20T20:45:50","date_gmt":"2020-07-20T20:45:50","guid":{"rendered":"https:\/\/dev.revivenatureza.pt\/?page_id=2676"},"modified":"2026-02-02T16:48:57","modified_gmt":"2026-02-02T16:48:57","slug":"sobre","status":"publish","type":"page","link":"https:\/\/revivenatureza.pt\/en\/sobre\/","title":{"rendered":"About"},"content":{"rendered":"<p>[vc_row row_height_percent=&#8221;0&#8243; override_padding=&#8221;yes&#8221; h_padding=&#8221;2&#8243; top_padding=&#8221;0&#8243; bottom_padding=&#8221;2&#8243; back_color=&#8221;color-122571&#8243; overlay_alpha=&#8221;50&#8243; gutter_size=&#8221;3&#8243; column_width_percent=&#8221;100&#8243; shift_y=&#8221;0&#8243; z_index=&#8221;0&#8243; uncode_shortcode_id=&#8221;171435&#8243; back_color_type=&#8221;uncode-palette&#8221;][vc_column column_width_percent=&#8221;100&#8243; position_vertical=&#8221;middle&#8221; align_horizontal=&#8221;align_center&#8221; gutter_size=&#8221;1&#8243; style=&#8221;dark&#8221; overlay_alpha=&#8221;50&#8243; shift_x=&#8221;0&#8243; shift_y=&#8221;0&#8243; shift_y_down=&#8221;0&#8243; z_index=&#8221;0&#8243; medium_width=&#8221;0&#8243; mobile_width=&#8221;0&#8243; width=&#8221;1\/1&#8243; uncode_shortcode_id=&#8221;189900&#8243;][vc_empty_space empty_h=&#8221;2&#8243;][vc_custom_heading text_color=&#8221;color-749355&#8243; text_font=&#8221;font-555555&#8243; text_size=&#8221;fontsize-126524&#8243; text_weight=&#8221;800&#8243; text_transform=&#8221;uppercase&#8221; uncode_shortcode_id=&#8221;148643&#8243; text_color_type=&#8221;uncode-palette&#8221;]REVIVE NATUREZA[\/vc_custom_heading][vc_custom_heading text_color=&#8221;color-xsdn&#8221; heading_semantic=&#8221;h1&#8243; text_font=&#8221;font-931353&#8243; text_size=&#8221;fontsize-474215&#8243; uncode_shortcode_id=&#8221;186677&#8243; text_color_type=&#8221;uncode-palette&#8221;]In the houses of our history[\/vc_custom_heading][vc_empty_space empty_h=&#8221;1&#8243;][vc_single_image media=&#8221;5170&#8243; media_width_percent=&#8221;100&#8243; alignment=&#8221;center&#8221; uncode_shortcode_id=&#8221;619791&#8243;][vc_empty_space empty_h=&#8221;4&#8243;][\/vc_column][\/vc_row][vc_row row_height_percent=&#8221;0&#8243; overlay_alpha=&#8221;50&#8243; gutter_size=&#8221;3&#8243; column_width_percent=&#8221;100&#8243; shift_y=&#8221;0&#8243; z_index=&#8221;0&#8243; uncode_shortcode_id=&#8221;141322&#8243;][vc_column column_width_percent=&#8221;100&#8243; align_horizontal=&#8221;align_center&#8221; gutter_size=&#8221;3&#8243; style=&#8221;dark&#8221; back_image=&#8221;5174&#8243; back_repeat=&#8221;no-repeat&#8221; back_position=&#8221;center center&#8221; overlay_alpha=&#8221;50&#8243; shift_x=&#8221;0&#8243; shift_y=&#8221;-5&#8243; shift_y_fixed=&#8221;yes&#8221; shift_y_down=&#8221;-2&#8243; z_index=&#8221;3&#8243; medium_width=&#8221;0&#8243; mobile_width=&#8221;0&#8243; width=&#8221;1\/1&#8243; uncode_shortcode_id=&#8221;442580&#8243;][vc_empty_space empty_h=&#8221;2&#8243;][vc_empty_space empty_h=&#8221;5&#8243;][vc_row_inner][vc_column_inner column_width_percent=&#8221;100&#8243; position_vertical=&#8221;middle&#8221; align_horizontal=&#8221;align_center&#8221; gutter_size=&#8221;3&#8243; style=&#8221;dark&#8221; overlay_alpha=&#8221;50&#8243; shift_x=&#8221;0&#8243; shift_y=&#8221;0&#8243; shift_y_down=&#8221;0&#8243; z_index=&#8221;0&#8243; medium_width=&#8221;0&#8243; mobile_width=&#8221;0&#8243; width=&#8221;1\/1&#8243; uncode_shortcode_id=&#8221;752278&#8243;][vc_button button_color=&#8221;color-189970&#8243; size=&#8221;btn-sm&#8221; radius=&#8221;btn-circle&#8221; outline=&#8221;yes&#8221; text_skin=&#8221;yes&#8221; border_width=&#8221;0&#8243; media_lightbox=&#8221;4881&#8243; uncode_shortcode_id=&#8221;175917&#8243; el_class=&#8221;buttonzindex&#8221; button_color_type=&#8221;uncode-palette&#8221;]Watch the video[\/vc_button][\/vc_column_inner][\/vc_row_inner][vc_empty_space empty_h=&#8221;5&#8243;][vc_empty_space empty_h=&#8221;2&#8243;][\/vc_column][\/vc_row][vc_row row_height_percent=&#8221;0&#8243; overlay_alpha=&#8221;50&#8243; gutter_size=&#8221;3&#8243; column_width_percent=&#8221;100&#8243; shift_y=&#8221;0&#8243; z_index=&#8221;0&#8243; uncode_shortcode_id=&#8221;145278&#8243; el_id=&#8221;fundo&#8221;][vc_column width=&#8221;1\/6&#8243;][\/vc_column][vc_column width=&#8221;4\/6&#8243;][vc_empty_space empty_h=&#8221;2&#8243;][vc_column_text uncode_shortcode_id=&#8221;177995&#8243;]The Revive Natureza Fund aims to recover and enhance the value of public properties, vacant for decades, mostly located in areas with natural heritage values, which have a high potential to attract tourists, taking into account their original functions, history and geographical specificities.[\/vc_column_text][\/vc_column][vc_column width=&#8221;1\/6&#8243;][\/vc_column][\/vc_row][vc_row][vc_column width=&#8221;1\/6&#8243;][\/vc_column][vc_column column_width_percent=&#8221;100&#8243; gutter_size=&#8221;2&#8243; overlay_alpha=&#8221;50&#8243; shift_x=&#8221;0&#8243; shift_y=&#8221;0&#8243; shift_y_down=&#8221;0&#8243; z_index=&#8221;0&#8243; medium_width=&#8221;0&#8243; mobile_width=&#8221;0&#8243; width=&#8221;4\/6&#8243; uncode_shortcode_id=&#8221;248117&#8243;][vc_custom_heading text_color=&#8221;color-153796&#8243; text_size=&#8221;h3&#8243; uncode_shortcode_id=&#8221;509703&#8243; text_color_type=&#8221;uncode-palette&#8221;]The Fund[\/vc_custom_heading][vc_column_text uncode_shortcode_id=&#8221;172570&#8243; el_id=&#8221;composicao&#8221;]The <strong>Revive Natureza Fund<\/strong>, created by Decree-Law 161\/2019 of October 25, amended by <a href=\"https:\/\/diariodarepublica.pt\/dr\/detalhe\/decreto-lei\/66-2024-890194533\" target=\"_blank\" rel=\"noopener\">Decree-Law n.\u00ba 66\/2024, of October 8th<\/a>, aims to upgrade and enhance vacant public buildings, with the goal of making the conservation, recovery, and safeguarding of the values in question compatible with new uses that benefit local communities, attract new visitors, and attract new residents.[\/vc_column_text][\/vc_column][vc_column width=&#8221;1\/6&#8243;][\/vc_column][\/vc_row][vc_row row_height_percent=&#8221;0&#8243; overlay_alpha=&#8221;50&#8243; gutter_size=&#8221;3&#8243; column_width_percent=&#8221;100&#8243; shift_y=&#8221;0&#8243; z_index=&#8221;0&#8243; uncode_shortcode_id=&#8221;971953&#8243;][vc_column width=&#8221;1\/6&#8243;][\/vc_column][vc_column column_width_percent=&#8221;100&#8243; gutter_size=&#8221;2&#8243; overlay_alpha=&#8221;50&#8243; shift_x=&#8221;0&#8243; shift_y=&#8221;0&#8243; shift_y_down=&#8221;0&#8243; z_index=&#8221;0&#8243; medium_width=&#8221;0&#8243; mobile_width=&#8221;0&#8243; width=&#8221;4\/6&#8243; uncode_shortcode_id=&#8221;248117&#8243;][vc_custom_heading text_color=&#8221;color-153796&#8243; text_size=&#8221;h3&#8243; uncode_shortcode_id=&#8221;619099&#8243; text_color_type=&#8221;uncode-palette&#8221;]Structure, Management and Objectives[\/vc_custom_heading][vc_column_text uncode_shortcode_id=&#8221;549794&#8243;]The<strong> Revive Natureza Fund<\/strong> is an instrument for enhancing the built and natural heritage and promoting regional development by stimulating activities for tourism purposes.<\/p>\n<p>The Fund is owned by the Portuguese State, represented by Estamo, Participa\u00e7\u00f5es Imobili\u00e1rias, S.A., the Institute for Nature Conservation and Forests, I.P. and Turismo de Portugal, I.P.<\/p>\n<p>The management of the Fund, ensured by FOMENTO \u2013 Fundos de Investimento Imobili\u00e1rio, SGOIC, SA., in accordance with the provisions of <a href=\"https:\/\/diariodarepublica.pt\/dr\/detalhe\/portaria\/389-2019-125781752\" target=\"_blank\" rel=\"noopener\">Ordinance No. 389\/2019 of 29 October<\/a>, aims at the implementation of public policies for regional and local development, which promote<\/p>\n<p>&nbsp;<\/p>\n<ul>\n<li>The creation of local employment<\/li>\n<li>The dynamization of local economies<\/li>\n<li>The contribution to the systematic strengthening of local supply networks<\/li>\n<li>The use of local products<\/li>\n<li>The sustainability of the territories, in environmental, social and economic terms<\/li>\n<\/ul>\n<p>[\/vc_column_text][vc_empty_space empty_h=&#8221;5&#8243;][\/vc_column][vc_column width=&#8221;1\/6&#8243;][\/vc_column][\/vc_row][vc_row row_height_percent=&#8221;0&#8243; override_padding=&#8221;yes&#8221; h_padding=&#8221;2&#8243; top_padding=&#8221;0&#8243; bottom_padding=&#8221;0&#8243; back_color=&#8221;color-929811&#8243; overlay_alpha=&#8221;50&#8243; gutter_size=&#8221;3&#8243; column_width_percent=&#8221;100&#8243; shift_y=&#8221;0&#8243; z_index=&#8221;0&#8243; uncode_shortcode_id=&#8221;172854&#8243; back_color_type=&#8221;uncode-palette&#8221; el_id=&#8221;atividade&#8221;][vc_column width=&#8221;1\/1&#8243;][vc_row_inner][vc_column_inner column_width_percent=&#8221;100&#8243; gutter_size=&#8221;3&#8243; overlay_alpha=&#8221;50&#8243; shift_x=&#8221;0&#8243; shift_y=&#8221;-5&#8243; shift_y_down=&#8221;0&#8243; z_index=&#8221;0&#8243; medium_width=&#8221;0&#8243; mobile_width=&#8221;0&#8243; width=&#8221;1\/1&#8243; uncode_shortcode_id=&#8221;892942&#8243;][vc_single_image media=&#8221;5195&#8243; media_width_percent=&#8221;100&#8243; alignment=&#8221;center&#8221; uncode_shortcode_id=&#8221;121055&#8243;][\/vc_column_inner][\/vc_row_inner][vc_empty_space empty_h=&#8221;2&#8243;][vc_row_inner][vc_column_inner width=&#8221;1\/6&#8243;][\/vc_column_inner][vc_column_inner width=&#8221;4\/6&#8243;][vc_custom_heading text_color=&#8221;color-153796&#8243; text_size=&#8221;h3&#8243; uncode_shortcode_id=&#8221;306403&#8243; text_color_type=&#8221;uncode-palette&#8221;]Activities and Criteria[\/vc_custom_heading][\/vc_column_inner][vc_column_inner width=&#8221;1\/6&#8243;][\/vc_column_inner][\/vc_row_inner][vc_row_inner][vc_column_inner width=&#8221;1\/6&#8243;][\/vc_column_inner][vc_column_inner width=&#8221;2\/6&#8243;][vc_column_text uncode_shortcode_id=&#8221;212497&#8243;]The Fund carries out its activity through the integration, as assets, of rights related to real estate under public or private regimes of the State, local authorities, public institutes or other entities.<\/p>\n<p><strong style=\"color: #00968f !important;\">The Fund promotes the attribution of rights over real estate to public or private entities, with a view to its requalification for tourism or related purposes, generating economic impact in the locality or region where it is located.<\/strong>[\/vc_column_text][\/vc_column_inner][vc_column_inner width=&#8221;2\/6&#8243;][vc_column_text uncode_shortcode_id=&#8221;208882&#8243;]The allocation of property exploitation rights must consider the Fund&#8217;s objectives and the public policies for regional and local development, valuing the following criteria:<\/p>\n<ul>\n<li style=\"list-style-type: none;\">\n<ul>\n<li>Operation of the property by entities with headquarters or residence in the municipalities where the property is located or in adjoining municipalities<\/li>\n<li>Creation of local jobs<\/li>\n<li>Social, environmental and innovative characteristics for the sustainability of the territories<\/li>\n<li>Integration in networks that offer products and experiences in the territories where they are located<\/li>\n<li>Other aspects that show a positive impact on the localities where the properties are located<\/li>\n<\/ul>\n<\/li>\n<\/ul>\n<p>[\/vc_column_text][\/vc_column_inner][vc_column_inner width=&#8221;1\/6&#8243;][\/vc_column_inner][\/vc_row_inner][vc_empty_space empty_h=&#8221;5&#8243;][\/vc_column][\/vc_row][vc_row row_height_percent=&#8221;0&#8243; overlay_alpha=&#8221;50&#8243; gutter_size=&#8221;3&#8243; column_width_percent=&#8221;100&#8243; shift_y=&#8221;-4&#8243; z_index=&#8221;0&#8243; uncode_shortcode_id=&#8221;132985&#8243;][vc_column width=&#8221;1\/1&#8243;][vc_row_inner row_inner_height_percent=&#8221;0&#8243; overlay_alpha=&#8221;50&#8243; gutter_size=&#8221;3&#8243; shift_y=&#8221;0&#8243; z_index=&#8221;3&#8243; uncode_shortcode_id=&#8221;479800&#8243;][vc_column_inner column_width_percent=&#8221;100&#8243; gutter_size=&#8221;3&#8243; overlay_alpha=&#8221;50&#8243; shift_x=&#8221;0&#8243; shift_y=&#8221;-2&#8243; shift_y_down=&#8221;0&#8243; z_index=&#8221;0&#8243; medium_width=&#8221;0&#8243; mobile_width=&#8221;0&#8243; width=&#8221;1\/2&#8243; uncode_shortcode_id=&#8221;312514&#8243;][vc_single_image media=&#8221;5193&#8243; media_width_percent=&#8221;100&#8243; uncode_shortcode_id=&#8221;306258&#8243;][\/vc_column_inner][vc_column_inner column_width_percent=&#8221;100&#8243; gutter_size=&#8221;3&#8243; overlay_alpha=&#8221;50&#8243; shift_x=&#8221;0&#8243; shift_y=&#8221;3&#8243; shift_y_down=&#8221;0&#8243; z_index=&#8221;0&#8243; medium_width=&#8221;0&#8243; mobile_width=&#8221;0&#8243; width=&#8221;1\/2&#8243; uncode_shortcode_id=&#8221;167344&#8243;][vc_single_image media=&#8221;5194&#8243; media_width_percent=&#8221;100&#8243; uncode_shortcode_id=&#8221;931258&#8243;][\/vc_column_inner][\/vc_row_inner][\/vc_column][\/vc_row][vc_row row_height_percent=&#8221;0&#8243; overlay_alpha=&#8221;50&#8243; gutter_size=&#8221;3&#8243; column_width_percent=&#8221;100&#8243; shift_y=&#8221;0&#8243; z_index=&#8221;0&#8243; uncode_shortcode_id=&#8221;882575&#8243; el_id=&#8221;documentos&#8221;][vc_column width=&#8221;1\/6&#8243;][\/vc_column][vc_column column_width_percent=&#8221;100&#8243; gutter_size=&#8221;2&#8243; overlay_alpha=&#8221;50&#8243; shift_x=&#8221;0&#8243; shift_y=&#8221;0&#8243; shift_y_down=&#8221;0&#8243; z_index=&#8221;0&#8243; medium_width=&#8221;0&#8243; mobile_width=&#8221;0&#8243; width=&#8221;4\/6&#8243; uncode_shortcode_id=&#8221;248117&#8243;][vc_custom_heading text_color=&#8221;color-153796&#8243; text_size=&#8221;h3&#8243; uncode_shortcode_id=&#8221;305367&#8243; text_color_type=&#8221;uncode-palette&#8221;]Documents[\/vc_custom_heading][vc_column_text uncode_shortcode_id=&#8221;478004&#8243;]<a href=\"https:\/\/diariodarepublica.pt\/dr\/detalhe\/decreto-lei\/161-2019-125692188\" target=\"_blank\" rel=\"noopener\">Decree-Law 161\/2019 of October 25<\/a> establishes the purposes of the fund, both with respect to real estate corresponding to the initial allocation and with respect to real estate that, in any legally permissible manner, becomes part of the fund&#8217;s assets or is managed by the fund. There are, however, other documents that define the guidelines that guide and limit the activity of the Fund, namely the Fund&#8217;s Investment Policy and the regulations associated with the operation of its activity.[\/vc_column_text][\/vc_column][vc_column width=&#8221;1\/6&#8243;][\/vc_column][\/vc_row][vc_row row_height_percent=&#8221;0&#8243; override_padding=&#8221;yes&#8221; h_padding=&#8221;2&#8243; top_padding=&#8221;0&#8243; bottom_padding=&#8221;2&#8243; overlay_alpha=&#8221;50&#8243; gutter_size=&#8221;3&#8243; column_width_percent=&#8221;100&#8243; shift_y=&#8221;0&#8243; z_index=&#8221;0&#8243; uncode_shortcode_id=&#8221;169932&#8243;][vc_column width=&#8221;1\/6&#8243;][\/vc_column][vc_column column_width_percent=&#8221;100&#8243; gutter_size=&#8221;2&#8243; overlay_alpha=&#8221;50&#8243; shift_x=&#8221;0&#8243; shift_y=&#8221;0&#8243; shift_y_down=&#8221;0&#8243; z_index=&#8221;0&#8243; medium_width=&#8221;0&#8243; mobile_width=&#8221;0&#8243; width=&#8221;4\/6&#8243; uncode_shortcode_id=&#8221;248117&#8243;][vc_column_text uncode_shortcode_id=&#8221;412563&#8243;]<a href=\"\/wp-content\/uploads\/2025\/11\/Regulamento-de-Atribuic\u0327a\u0303o-de-Direitos-de-Explorac\u0327a\u0303o-de-Imo\u0301veis.pdf\" target=\"_blank\" rel=\"noopener\"><img decoding=\"async\" class=\"icodoc-download\" src=\"\/wp-content\/uploads\/2022\/03\/rev22_ico_-01.svg\" alt=\"\" width=\"20\" height=\"20\" \/> <span class=\"nomeficheiro-download\">Regulations for the Allocation of Rights to Utilize Real Estate<\/span><\/a>[\/vc_column_text][vc_column_text uncode_shortcode_id=&#8221;126520&#8243;]<a href=\"\/wp-content\/uploads\/2025\/11\/Regulamento-Selec\u0327a\u0303o-de-Imo\u0301veis-dos-Munici\u0301pios.pdf\" target=\"_blank\" rel=\"noopener\"><img decoding=\"async\" class=\"icodoc-download\" src=\"\/wp-content\/uploads\/2022\/03\/rev22_ico_-01.svg\" alt=\"\" width=\"20\" height=\"20\" \/> <span class=\"nomeficheiro-download\">Regulations for the Selection of Properties by Municipalities<\/span><\/a>[\/vc_column_text][vc_column_text uncode_shortcode_id=&#8221;416836&#8243;]<a href=\"\/wp-content\/uploads\/2025\/11\/Regulamento-de-Financiamento-RN.pdf\" target=\"_blank\" rel=\"noopener\"><img decoding=\"async\" class=\"icodoc-download\" src=\"\/wp-content\/uploads\/2022\/03\/rev22_ico_-01.svg\" alt=\"\" width=\"20\" height=\"20\" \/> <span class=\"nomeficheiro-download\">Funding Regulation<\/span><\/a>[\/vc_column_text][vc_column_text uncode_shortcode_id=&#8221;177625&#8243;]<a href=\"\/wp-content\/uploads\/2021\/06\/Poli\u0301tica-de-Investimento-do-Fundo-Revive-Natureza.pdf\" target=\"_blank\" rel=\"noopener\"><img decoding=\"async\" class=\"icodoc-download\" src=\"\/wp-content\/uploads\/2022\/03\/rev22_ico_-01.svg\" alt=\"\" width=\"20\" height=\"20\" \/> <span class=\"nomeficheiro-download\">Revive Natureza Fund Investment Policy<\/span><\/a>[\/vc_column_text][vc_column_text uncode_shortcode_id=&#8221;164318&#8243;]<a href=\"\/wp-content\/uploads\/2025\/10\/Regulamento-da-Marca-Revive-Natureza.pdf\" target=\"_blank\" rel=\"noopener\"><img decoding=\"async\" class=\"icodoc-download\" src=\"\/wp-content\/uploads\/2022\/03\/rev22_ico_-01.svg\" alt=\"\" width=\"20\" height=\"20\" \/> <span class=\"nomeficheiro-download\">Brand Regulation<\/span><\/a>[\/vc_column_text][\/vc_column][vc_column width=&#8221;1\/6&#8243;][\/vc_column][\/vc_row][vc_row][vc_column width=&#8221;1\/1&#8243;][vc_empty_space empty_h=&#8221;2&#8243;][\/vc_column][\/vc_row]<\/p>","protected":false},"excerpt":{"rendered":"<p>[vc_row row_height_percent=&#8221;0&#8243; override_padding=&#8221;yes&#8221; h_padding=&#8221;2&#8243; top_padding=&#8221;0&#8243; bottom_padding=&#8221;2&#8243; back_color=&#8221;color-122571&#8243; overlay_alpha=&#8221;50&#8243; gutter_size=&#8221;3&#8243; column_width_percent=&#8221;100&#8243; shift_y=&#8221;0&#8243; z_index=&#8221;0&#8243; uncode_shortcode_id=&#8221;171435&#8243; back_color_type=&#8221;uncode-palette&#8221;][vc_column column_width_percent=&#8221;100&#8243; position_vertical=&#8221;middle&#8221; align_horizontal=&#8221;align_center&#8221; gutter_size=&#8221;1&#8243; style=&#8221;dark&#8221; overlay_alpha=&#8221;50&#8243; [&hellip;]<\/p>\n","protected":false},"author":1,"featured_media":0,"parent":0,"menu_order":0,"comment_status":"closed","ping_status":"closed","template":"","meta":{"inline_featured_image":false,"footnotes":""},"class_list":["post-2676","page","type-page","status-publish","hentry"],"acf":[],"_links":{"self":[{"href":"https:\/\/revivenatureza.pt\/en\/wp-json\/wp\/v2\/pages\/2676","targetHints":{"allow":["GET"]}}],"collection":[{"href":"https:\/\/revivenatureza.pt\/en\/wp-json\/wp\/v2\/pages"}],"about":[{"href":"https:\/\/revivenatureza.pt\/en\/wp-json\/wp\/v2\/types\/page"}],"author":[{"embeddable":true,"href":"https:\/\/revivenatureza.pt\/en\/wp-json\/wp\/v2\/users\/1"}],"replies":[{"embeddable":true,"href":"https:\/\/revivenatureza.pt\/en\/wp-json\/wp\/v2\/comments?post=2676"}],"version-history":[{"count":103,"href":"https:\/\/revivenatureza.pt\/en\/wp-json\/wp\/v2\/pages\/2676\/revisions"}],"predecessor-version":[{"id":7494,"href":"https:\/\/revivenatureza.pt\/en\/wp-json\/wp\/v2\/pages\/2676\/revisions\/7494"}],"wp:attachment":[{"href":"https:\/\/revivenatureza.pt\/en\/wp-json\/wp\/v2\/media?parent=2676"}],"curies":[{"name":"wp","href":"https:\/\/api.w.org\/{rel}","templated":true}]}}